{"id":155,"date":"2024-05-09T00:49:31","date_gmt":"2024-05-09T00:49:31","guid":{"rendered":"https:\/\/martinglozmandialog.com\/?page_id=155"},"modified":"2024-06-07T20:09:06","modified_gmt":"2024-06-07T20:09:06","slug":"biography","status":"publish","type":"page","link":"https:\/\/martinglozmandialog.com\/es\/biography\/","title":{"rendered":"Biograf\u00eda"},"content":{"rendered":"<div data-elementor-type=\"wp-page\" data-elementor-id=\"155\" class=\"elementor elementor-155\" data-elementor-post-type=\"page\">\n\t\t\t\t<div class=\"elementor-element elementor-element-97e8ece e-flex e-con-boxed e-con e-parent\" data-id=\"97e8ece\" data-element_type=\"container\" data-e-type=\"container\" data-settings=\"{&quot;background_background&quot;:&quot;classic&quot;}\">\n\t\t\t\t\t<div class=\"e-con-inner\">\n\t\t\t\t<div class=\"elementor-element elementor-element-a34f977 elementor-widget elementor-widget-heading\" data-id=\"a34f977\" data-element_type=\"widget\" data-e-type=\"widget\" data-widget_type=\"heading.default\">\n\t\t\t\t<div class=\"elementor-widget-container\">\n\t\t\t\t\t<h2 class=\"elementor-heading-title elementor-size-default\">Biograf\u00eda<\/h2>\t\t\t\t<\/div>\n\t\t\t\t<\/div>\n\t\t\t\t\t<\/div>\n\t\t\t\t<\/div>\n\t\t<div class=\"elementor-element elementor-element-c5533ee e-flex e-con-boxed e-con e-parent\" data-id=\"c5533ee\" data-element_type=\"container\" data-e-type=\"container\">\n\t\t\t\t\t<div class=\"e-con-inner\">\n\t\t\t\t<div class=\"elementor-element elementor-element-42fe3bf elementor-widget elementor-widget-heading\" data-id=\"42fe3bf\" data-element_type=\"widget\" data-e-type=\"widget\" data-widget_type=\"heading.default\">\n\t\t\t\t<div class=\"elementor-widget-container\">\n\t\t\t\t\t<h2 class=\"elementor-heading-title elementor-size-default\">Mi historia de vida y qu\u00e9 es el di\u00e1logo<\/h2>\t\t\t\t<\/div>\n\t\t\t\t<\/div>\n\t\t\t\t\t<\/div>\n\t\t\t\t<\/div>\n\t\t<div class=\"elementor-element elementor-element-2a53b40 e-flex e-con-boxed e-con e-parent\" data-id=\"2a53b40\" data-element_type=\"container\" data-e-type=\"container\">\n\t\t\t\t\t<div class=\"e-con-inner\">\n\t\t\t\t<div class=\"elementor-element elementor-element-dae78fa elementor-widget elementor-widget-text-editor\" data-id=\"dae78fa\" data-element_type=\"widget\" data-e-type=\"widget\" data-widget_type=\"text-editor.default\">\n\t\t\t\t<div class=\"elementor-widget-container\">\n\t\t\t\t\t\t\t\t\t<p>Nac\u00ed en Buenos Aires, Argentina, de familia jud\u00eda que emigr\u00f3 de Europa antes y despu\u00e9s de la segunda Guerra. Mi infancia transcurri\u00f3 lejos de estas historias, al menos de manera consciente, pero evidentemente se vivi\u00f3 y transmiti\u00f3 el clima de la posguerra mientras sal\u00edamos adelante. Fue en la adolescencia que empez\u00f3 la dificultad, y gracias a los estudios human\u00edsticos lograba reestablecer una forma de conexi\u00f3n, reflejada tambi\u00e9n en las poes\u00edas que escrib\u00eda por las noches. Las nuevas amistades y la vocaci\u00f3n me llevaron hacia la carrera de Letras en la UBA, que realic\u00e9 con esfuerzo y pasi\u00f3n, recibiendo tambi\u00e9n una tradici\u00f3n Latinoamericana y Argentina de intelectualidad vinculada con la pol\u00edtica.<\/p><p>En 2003 un profesor que admiraba me invit\u00f3 a trabajar en la C\u00e1tedra de Literaturas Eslavas, dedicada especialmente a la literatura rusa, y en 2005 se sum\u00f3 el trabajo en la c\u00e1tedra de Literatura Europea del Siglo XIX. Mi formaci\u00f3n en estos dos \u00e1mbitos fue una marca por sus contenidos, pero tambi\u00e9n porque pasaba estos contenidos por la experiencia. Durante la carrera como estudiante y como docente escrib\u00ed diarios personales donde hac\u00eda esta integraci\u00f3n. Esta intensidad, y b\u00fasqueda de sanar el dolor que sent\u00eda a trav\u00e9s del conocimiento me llev\u00f3 a profundizar tambi\u00e9n en la soledad y finalmente en la locura. Mi mam\u00e1 y mi papa me ayudaron cuando pude pedir su ayuda, y en di\u00e1logo con un psiquiatra muy importante local pude recuperarme con el tiempo.\u00a0\u00a0\u00a0\u00a0<\/p><p class=\"translation-block\">En 2010 volv\u00ed a trabajar como docente en una Fundaci\u00f3n de psicoterapia sist\u00e9mica para ense\u00f1ar Bajt\u00edn y Dostoievski desde la perspectiva dial\u00f3gica para terapeutas y mediadores sociales. En este seminario conoc\u00ed a mi futura esposa y luego del seminario conocimos a Jaakko Seikkula quien dict\u00f3 tambi\u00e9n un seminario sobre Bajt\u00edn y la pr\u00e1ctica dial\u00f3gica. Fascinados por la integraci\u00f3n entre teor\u00eda y pr\u00e1ctica de la salud mental, Elisa Petroni y yo recibimos una invitaci\u00f3n para viajar a Finlandia y asistir a la primera Conferencia Internacional de Pr\u00e1cticas Dial\u00f3gicas donde nos sentimos integrados y como en familia. Desde entonces hemos participado de todas las conferencias siguientes, organizamos la V en Buenos Aires y asistimos a seminarios de verano en B\u00e9lgica y Rep\u00fablica Checa con grandes maestros y compa\u00f1eros.<\/p><p class=\"translation-block\">Entre 2013 y 2015 realic\u00e9 la Maestr\u00eda en Escritura Creativa (UNTREF). He trabajado duro en la b\u00fasqueda de integraci\u00f3n entre las pr\u00e1cticas dial\u00f3gicas y la literatura en Argentina, entendidas ambas como pr\u00e1cticas de la palabra y la creatividad; he tenido escasos logros, pero si algo de reconocimiento. Este intercambio implic\u00f3 muchos desaf\u00edos y dificultades en relaci\u00f3n con tradiciones cr\u00edticas, la comunidad de escritores, y el mercado editorial. En este camino escrib\u00ed mucho material, a partir del cual publiqu\u00e9 cinco libros. Realic\u00e9 tambi\u00e9n el proyecto La copa del \u00e1rbol (www.lacopadelarbol.com), plataforma en red que busc\u00f3 integrar la literatura local, el v\u00ednculo con los escritores y las pr\u00e1cticas de di\u00e1logo, y que obtuvo mucha difusi\u00f3n y muy buenos resultados, cubriendo una necesidad importante durante la cuarentena\u00a0y\u00a0la\u00a0pandemia.<\/p><p class=\"translation-block\">Mi \u00faltimo libro publicado y mi primer libro con traducci\u00f3n al ingl\u00e9s es Un libro sobre el dialogo, donde me propuse transmitir un mensaje positivo y de ayuda mutua. Desde 2019 su escritura fue un proceso continuo que se prolong\u00f3 con el trabajo editorial y luego con sucesivas presentaciones y feedback.<\/p><p>En los \u00faltimos dos a\u00f1os estuve activo en di\u00e1logo con Peer Supporters de EEUU y otras nacionalidades. Realic\u00e9 el entrenamiento en Intentional Peer Support de manera virtual en el verano de 2023.<\/p><p class=\"translation-block\">Actualmente estoy cursando el tercer a\u00f1o de la carrera de grado en Psicolog\u00eda, muy interesado en la pr\u00e1ctica terap\u00e9utica. Participo de la coordinaci\u00f3n de grupos de di\u00e1logo junto con otros profesionales.<\/p>\t\t\t\t\t\t\t\t<\/div>\n\t\t\t\t<\/div>\n\t\t\t\t\t<\/div>\n\t\t\t\t<\/div>\n\t\t<div class=\"elementor-element elementor-element-a37ff28 e-flex e-con-boxed e-con e-parent\" data-id=\"a37ff28\" data-element_type=\"container\" data-e-type=\"container\">\n\t\t\t\t\t<div class=\"e-con-inner\">\n\t\t<div class=\"elementor-element elementor-element-b5719af e-con-full e-flex e-con e-child\" data-id=\"b5719af\" data-element_type=\"container\" data-e-type=\"container\">\n\t\t\t\t<div class=\"elementor-element elementor-element-7559019 elementor-widget elementor-widget-image\" data-id=\"7559019\" data-element_type=\"widget\" data-e-type=\"widget\" data-widget_type=\"image.default\">\n\t\t\t\t<div class=\"elementor-widget-container\">\n\t\t\t\t\t\t\t\t\t\t\t\t\t\t\t<img fetchpriority=\"high\" decoding=\"async\" width=\"567\" height=\"765\" src=\"https:\/\/martinglozmandialog.com\/wp-content\/uploads\/2024\/05\/01.jpg\" class=\"attachment-large size-large wp-image-314\" alt=\"\" srcset=\"https:\/\/martinglozmandialog.com\/wp-content\/uploads\/2024\/05\/01.jpg 567w, https:\/\/martinglozmandialog.com\/wp-content\/uploads\/2024\/05\/01-222x300.jpg 222w\" sizes=\"(max-width: 567px) 100vw, 567px\" \/>\t\t\t\t\t\t\t\t\t\t\t\t\t\t\t<\/div>\n\t\t\t\t<\/div>\n\t\t\t\t<\/div>\n\t\t<div class=\"elementor-element elementor-element-5c49916 e-con-full e-flex e-con e-child\" data-id=\"5c49916\" data-element_type=\"container\" data-e-type=\"container\">\n\t\t\t\t<div class=\"elementor-element elementor-element-37bfa06 elementor-widget elementor-widget-image\" data-id=\"37bfa06\" data-element_type=\"widget\" data-e-type=\"widget\" data-widget_type=\"image.default\">\n\t\t\t\t<div class=\"elementor-widget-container\">\n\t\t\t\t\t\t\t\t\t\t\t\t\t\t\t<img decoding=\"async\" width=\"567\" height=\"761\" src=\"https:\/\/martinglozmandialog.com\/wp-content\/uploads\/2024\/05\/14.jpg\" class=\"attachment-large size-large wp-image-316\" alt=\"\" srcset=\"https:\/\/martinglozmandialog.com\/wp-content\/uploads\/2024\/05\/14.jpg 567w, https:\/\/martinglozmandialog.com\/wp-content\/uploads\/2024\/05\/14-224x300.jpg 224w\" sizes=\"(max-width: 567px) 100vw, 567px\" \/>\t\t\t\t\t\t\t\t\t\t\t\t\t\t\t<\/div>\n\t\t\t\t<\/div>\n\t\t\t\t<\/div>\n\t\t\t\t\t<\/div>\n\t\t\t\t<\/div>\n\t\t\t\t<\/div>","protected":false},"excerpt":{"rendered":"<p>Biography My life story and what dialogue is all about I was born in Buenos Aires, Argentina, to a Jewish [&hellip;]<\/p>\n","protected":false},"author":1,"featured_media":0,"parent":0,"menu_order":0,"comment_status":"closed","ping_status":"closed","template":"","meta":{"site-sidebar-layout":"no-sidebar","site-content-layout":"","ast-site-content-layout":"full-width-container","site-content-style":"default","site-sidebar-style":"default","ast-global-header-display":"","ast-banner-title-visibility":"","ast-main-header-display":"","ast-hfb-above-header-display":"","ast-hfb-below-header-display":"","ast-hfb-mobile-header-display":"","site-post-title":"disabled","ast-breadcrumbs-content":"","ast-featured-img":"disabled","footer-sml-layout":"","ast-disable-related-posts":"","theme-transparent-header-meta":"","adv-header-id-meta":"","stick-header-meta":"","header-above-stick-meta":"","header-main-stick-meta":"","header-below-stick-meta":"","astra-migrate-meta-layouts":"default","ast-page-background-enabled":"default","ast-page-background-meta":{"desktop":{"background-color":"var(--ast-global-color-4)","background-image":"","background-repeat":"repeat","background-position":"center center","background-size":"auto","background-attachment":"scroll","background-type":"","background-media":"","overlay-type":"","overlay-color":"","overlay-opacity":"","overlay-gradient":""},"tablet":{"background-color":"","background-image":"","background-repeat":"repeat","background-position":"center center","background-size":"auto","background-attachment":"scroll","background-type":"","background-media":"","overlay-type":"","overlay-color":"","overlay-opacity":"","overlay-gradient":""},"mobile":{"background-color":"","background-image":"","background-repeat":"repeat","background-position":"center center","background-size":"auto","background-attachment":"scroll","background-type":"","background-media":"","overlay-type":"","overlay-color":"","overlay-opacity":"","overlay-gradient":""}},"ast-content-background-meta":{"desktop":{"background-color":"var(--ast-global-color-5)","background-image":"","background-repeat":"repeat","background-position":"center center","background-size":"auto","background-attachment":"scroll","background-type":"","background-media":"","overlay-type":"","overlay-color":"","overlay-opacity":"","overlay-gradient":""},"tablet":{"background-color":"var(--ast-global-color-5)","background-image":"","background-repeat":"repeat","background-position":"center center","background-size":"auto","background-attachment":"scroll","background-type":"","background-media":"","overlay-type":"","overlay-color":"","overlay-opacity":"","overlay-gradient":""},"mobile":{"background-color":"var(--ast-global-color-5)","background-image":"","background-repeat":"repeat","background-position":"center center","background-size":"auto","background-attachment":"scroll","background-type":"","background-media":"","overlay-type":"","overlay-color":"","overlay-opacity":"","overlay-gradient":""}},"footnotes":""},"class_list":["post-155","page","type-page","status-publish","hentry"],"aioseo_notices":[],"_links":{"self":[{"href":"https:\/\/martinglozmandialog.com\/es\/wp-json\/wp\/v2\/pages\/155","targetHints":{"allow":["GET"]}}],"collection":[{"href":"https:\/\/martinglozmandialog.com\/es\/wp-json\/wp\/v2\/pages"}],"about":[{"href":"https:\/\/martinglozmandialog.com\/es\/wp-json\/wp\/v2\/types\/page"}],"author":[{"embeddable":true,"href":"https:\/\/martinglozmandialog.com\/es\/wp-json\/wp\/v2\/users\/1"}],"replies":[{"embeddable":true,"href":"https:\/\/martinglozmandialog.com\/es\/wp-json\/wp\/v2\/comments?post=155"}],"version-history":[{"count":34,"href":"https:\/\/martinglozmandialog.com\/es\/wp-json\/wp\/v2\/pages\/155\/revisions"}],"predecessor-version":[{"id":402,"href":"https:\/\/martinglozmandialog.com\/es\/wp-json\/wp\/v2\/pages\/155\/revisions\/402"}],"wp:attachment":[{"href":"https:\/\/martinglozmandialog.com\/es\/wp-json\/wp\/v2\/media?parent=155"}],"curies":[{"name":"wp","href":"https:\/\/api.w.org\/{rel}","templated":true}]}}